{"id":887,"date":"2019-08-22T13:10:58","date_gmt":"2019-08-22T12:10:58","guid":{"rendered":"https:\/\/roellin-racing-shop.ch\/?post_type=product&#038;p=887"},"modified":"2024-09-09T10:06:10","modified_gmt":"2024-09-09T08:06:10","slug":"4c-carbon-haube-vorne","status":"publish","type":"product","link":"https:\/\/roellin-racing-shop.ch\/?product=4c-carbon-haube-vorne","title":{"rendered":"4C Carbon Haube vorne"},"content":{"rendered":"<p>Alfa Romeo 4c Haube vorne originale Form aus Carbon<\/p>\n<p>Kleine Anpassungen sind m\u00f6glicherweise notwendig.<\/p>\n<p>Vom DTC gepr\u00fcftes Material. F\u00fcr den Strassenverkehr ist jedoch noch eine zus\u00e4tzliche Pr\u00fcfung n\u00f6tg. Bei Interesse bitte melden, dann werden wir diese gegen Aufpreis noch separat pr\u00fcfen lassen.<\/p>\n<p>&nbsp;<\/p>\n<p>Wichtig, all unsere Teile werden auf Anfrage gefertigt, dies kann deshalb ca. 5-6Wochen dauern.<\/p>\n<p>&nbsp;<\/p>\n<p>Tags: Hood, Bonnet<\/p>\n","protected":false},"excerpt":{"rendered":"<p><a href=\"https:\/\/roellin-racing-shop.ch\/wp-content\/uploads\/2019\/08\/20180813_1714380.jpg\"><img loading=\"lazy\" decoding=\"async\" class=\"alignnone size-medium wp-image-888\" src=\"https:\/\/roellin-racing-shop.ch\/wp-content\/uploads\/2019\/08\/20180813_1714380-300x146.jpg\" alt=\"\" width=\"300\" height=\"146\" \/><\/a> <a href=\"https:\/\/roellin-racing-shop.ch\/wp-content\/uploads\/2019\/08\/20180813_171454.jpg\"><img loading=\"lazy\" decoding=\"async\" class=\"alignnone size-medium wp-image-889\" src=\"https:\/\/roellin-racing-shop.ch\/wp-content\/uploads\/2019\/08\/20180813_171454-300x146.jpg\" alt=\"\" width=\"300\" height=\"146\" \/><\/a><\/p>\n","protected":false},"featured_media":1802,"template":"","meta":[],"product_brand":[],"product_cat":[102],"product_tag":[],"class_list":{"0":"post-887","1":"product","2":"type-product","3":"status-publish","4":"has-post-thumbnail","6":"product_cat-4c","7":"product_shipping_class-sperrgut","9":"first","10":"instock","11":"taxable","12":"shipping-taxable","13":"purchasable","14":"product-type-simple"},"_links":{"self":[{"href":"https:\/\/roellin-racing-shop.ch\/index.php?rest_route=\/wp\/v2\/product\/887","targetHints":{"allow":["GET"]}}],"collection":[{"href":"https:\/\/roellin-racing-shop.ch\/index.php?rest_route=\/wp\/v2\/product"}],"about":[{"href":"https:\/\/roellin-racing-shop.ch\/index.php?rest_route=\/wp\/v2\/types\/product"}],"wp:featuredmedia":[{"embeddable":true,"href":"https:\/\/roellin-racing-shop.ch\/index.php?rest_route=\/wp\/v2\/media\/1802"}],"wp:attachment":[{"href":"https:\/\/roellin-racing-shop.ch\/index.php?rest_route=%2Fwp%2Fv2%2Fmedia&parent=887"}],"wp:term":[{"taxonomy":"product_brand","embeddable":true,"href":"https:\/\/roellin-racing-shop.ch\/index.php?rest_route=%2Fwp%2Fv2%2Fproduct_brand&post=887"},{"taxonomy":"product_cat","embeddable":true,"href":"https:\/\/roellin-racing-shop.ch\/index.php?rest_route=%2Fwp%2Fv2%2Fproduct_cat&post=887"},{"taxonomy":"product_tag","embeddable":true,"href":"https:\/\/roellin-racing-shop.ch\/index.php?rest_route=%2Fwp%2Fv2%2Fproduct_tag&post=887"}],"curies":[{"name":"wp","href":"https:\/\/api.w.org\/{rel}","templated":true}]}}