{"id":808,"date":"2019-07-04T14:02:06","date_gmt":"2019-07-04T13:02:06","guid":{"rendered":"https:\/\/roellin-racing-shop.ch\/?post_type=product&#038;p=808"},"modified":"2024-09-09T10:12:22","modified_gmt":"2024-09-09T08:12:22","slug":"supra-carbon-tueren","status":"publish","type":"product","link":"https:\/\/roellin-racing-shop.ch\/?product=supra-carbon-tueren","title":{"rendered":"Supra Carbon T\u00fcren"},"content":{"rendered":"<p>Toyota Supra MK4 T\u00fcren aus Carbon.<br \/>\nF\u00fcr Carbont\u00fcren ist ein \u00dcberrollk\u00e4fig mit Flankenschutz zu vorgeschrieben.<\/p>\n<p>Set bestehend aus 2 T\u00fcren ohne Fensterrahmen.<\/p>\n<p>Kleine Anpassungen sind notwendig.<\/p>\n<p>&nbsp;<\/p>\n<p>Vom DTC gepr\u00fcftes Material. Mit CH Gutachten und somit im Strassenverkehr eintragbar.<\/p>\n<p>&nbsp;<\/p>\n<p>Wichtig, all unsere Teile werden auf Anfrage gefertigt, dies kann deshalb ca. 5-6Wochen dauern.<\/p>\n","protected":false},"excerpt":{"rendered":"<p>Toyota Supra MK4 T\u00fcren aus Carbon. F\u00fcr Carbont\u00fcren ist ein \u00dcberrollk\u00e4fig mit Flankenschutz zu vorgeschrieben. Set bestehend aus 2 T\u00fcren ohne Fensterrahmen. Kleine Anpassungen sind notwendig. &nbsp; Vom DTC gepr\u00fcftes Material. Mit CH Gutachten und somit im Strassenverkehr eintragbar. &nbsp; Wichtig, all unsere Teile werden auf Anfrage gefertigt, dies kann deshalb ca. 5-6Wochen dauern.<\/p>\n","protected":false},"featured_media":1807,"template":"","meta":[],"product_brand":[],"product_cat":[90],"product_tag":[],"class_list":{"0":"post-808","1":"product","2":"type-product","3":"status-publish","4":"has-post-thumbnail","6":"product_cat-supramk4","7":"product_shipping_class-sperrgut","9":"first","10":"instock","11":"taxable","12":"shipping-taxable","13":"purchasable","14":"product-type-simple"},"_links":{"self":[{"href":"https:\/\/roellin-racing-shop.ch\/index.php?rest_route=\/wp\/v2\/product\/808","targetHints":{"allow":["GET"]}}],"collection":[{"href":"https:\/\/roellin-racing-shop.ch\/index.php?rest_route=\/wp\/v2\/product"}],"about":[{"href":"https:\/\/roellin-racing-shop.ch\/index.php?rest_route=\/wp\/v2\/types\/product"}],"wp:featuredmedia":[{"embeddable":true,"href":"https:\/\/roellin-racing-shop.ch\/index.php?rest_route=\/wp\/v2\/media\/1807"}],"wp:attachment":[{"href":"https:\/\/roellin-racing-shop.ch\/index.php?rest_route=%2Fwp%2Fv2%2Fmedia&parent=808"}],"wp:term":[{"taxonomy":"product_brand","embeddable":true,"href":"https:\/\/roellin-racing-shop.ch\/index.php?rest_route=%2Fwp%2Fv2%2Fproduct_brand&post=808"},{"taxonomy":"product_cat","embeddable":true,"href":"https:\/\/roellin-racing-shop.ch\/index.php?rest_route=%2Fwp%2Fv2%2Fproduct_cat&post=808"},{"taxonomy":"product_tag","embeddable":true,"href":"https:\/\/roellin-racing-shop.ch\/index.php?rest_route=%2Fwp%2Fv2%2Fproduct_tag&post=808"}],"curies":[{"name":"wp","href":"https:\/\/api.w.org\/{rel}","templated":true}]}}