{"id":767,"date":"2019-07-01T13:52:38","date_gmt":"2019-07-01T12:52:38","guid":{"rendered":"https:\/\/roellin-racing-shop.ch\/?post_type=product&#038;p=767"},"modified":"2024-09-09T20:56:38","modified_gmt":"2024-09-09T18:56:38","slug":"e21-gfk-kotfluegelset","status":"publish","type":"product","link":"https:\/\/roellin-racing-shop.ch\/?product=e21-gfk-kotfluegelset","title":{"rendered":"E21 GFK Kotfl\u00fcgelset"},"content":{"rendered":"<p>BMW E21 Kotfl\u00fcgelset aus GFK.<\/p>\n<p>Sie werden neu und unlackiert geliefert. Anpassungen sind m\u00f6glicherweise notwendig.<\/p>\n<p>Vom DTC gepr\u00fcftes Material. Mit CH Gutachten und somit im Strassenverkehr eintragbar.<\/p>\n<p>&nbsp;<\/p>\n<p>Wichtig, alle unsere Teile werden auf Anfrage gefertigt, dies kann deshalb ca. 5-6Wochen dauern.<\/p>\n","protected":false},"excerpt":{"rendered":"<p>BMW E21 Kotfl\u00fcgelset aus GFK. Sie werden neu und unlackiert geliefert. Anpassungen sind m\u00f6glicherweise notwendig. Vom DTC gepr\u00fcftes Material. Mit CH Gutachten und somit im Strassenverkehr eintragbar. &nbsp; Wichtig, alle unsere Teile werden auf Anfrage gefertigt, dies kann deshalb ca. 5-6Wochen dauern.<\/p>\n","protected":false},"featured_media":1856,"template":"","meta":[],"product_brand":[],"product_cat":[57],"product_tag":[],"class_list":{"0":"post-767","1":"product","2":"type-product","3":"status-publish","4":"has-post-thumbnail","6":"product_cat-e21","7":"product_shipping_class-sperrgut","9":"first","10":"instock","11":"taxable","12":"shipping-taxable","13":"purchasable","14":"product-type-simple"},"_links":{"self":[{"href":"https:\/\/roellin-racing-shop.ch\/index.php?rest_route=\/wp\/v2\/product\/767","targetHints":{"allow":["GET"]}}],"collection":[{"href":"https:\/\/roellin-racing-shop.ch\/index.php?rest_route=\/wp\/v2\/product"}],"about":[{"href":"https:\/\/roellin-racing-shop.ch\/index.php?rest_route=\/wp\/v2\/types\/product"}],"wp:featuredmedia":[{"embeddable":true,"href":"https:\/\/roellin-racing-shop.ch\/index.php?rest_route=\/wp\/v2\/media\/1856"}],"wp:attachment":[{"href":"https:\/\/roellin-racing-shop.ch\/index.php?rest_route=%2Fwp%2Fv2%2Fmedia&parent=767"}],"wp:term":[{"taxonomy":"product_brand","embeddable":true,"href":"https:\/\/roellin-racing-shop.ch\/index.php?rest_route=%2Fwp%2Fv2%2Fproduct_brand&post=767"},{"taxonomy":"product_cat","embeddable":true,"href":"https:\/\/roellin-racing-shop.ch\/index.php?rest_route=%2Fwp%2Fv2%2Fproduct_cat&post=767"},{"taxonomy":"product_tag","embeddable":true,"href":"https:\/\/roellin-racing-shop.ch\/index.php?rest_route=%2Fwp%2Fv2%2Fproduct_tag&post=767"}],"curies":[{"name":"wp","href":"https:\/\/api.w.org\/{rel}","templated":true}]}}