{"id":766,"date":"2019-07-01T13:51:32","date_gmt":"2019-07-01T12:51:32","guid":{"rendered":"https:\/\/roellin-racing-shop.ch\/?post_type=product&#038;p=766"},"modified":"2024-09-09T20:56:38","modified_gmt":"2024-09-09T18:56:38","slug":"e21-gfk-tueren","status":"publish","type":"product","link":"https:\/\/roellin-racing-shop.ch\/?product=e21-gfk-tueren","title":{"rendered":"E21 GFK T\u00fcren"},"content":{"rendered":"<p>BMW E21 T\u00fcren aus GFK, super leicht und kein Rost mehr. Set bestehend aus 2 St\u00fcck.<br \/>\nF\u00fcr T\u00fcren aus GFK wird ein \u00dcberrollk\u00e4fig mit Flankenschutz vorgeschrieben.<\/p>\n<p>Sie werden neu und unlakiert geliefert. Mit Befestigungspunkte, Anpassungen sind notwendig.<\/p>\n<p>Vom DTC gepr\u00fcftes Material. Mit CH Gutachten und somit im Strassenverkehr eintragbar.<\/p>\n<p>&nbsp;<\/p>\n<p>Falls Makrolon Fenster dazu ben\u00f6tigt werden, bitte melden.<\/p>\n<p>&nbsp;<\/p>\n<p>Wichtig, alle unsere Teile werden auf Anfrage gefertigt, dies kann deshalb ca. 5-6Wochen dauern.<\/p>\n","protected":false},"excerpt":{"rendered":"<p><a href=\"https:\/\/roellin-racing-shop.ch\/wp-content\/uploads\/2019\/07\/img_20160422_111441.jpg\"><img loading=\"lazy\" decoding=\"async\" class=\"alignnone size-medium wp-image-757\" src=\"https:\/\/roellin-racing-shop.ch\/wp-content\/uploads\/2019\/07\/img_20160422_111441-300x300.jpg\" alt=\"\" width=\"300\" height=\"300\" \/><\/a><\/p>\n","protected":false},"featured_media":1857,"template":"","meta":[],"product_brand":[],"product_cat":[57],"product_tag":[],"class_list":{"0":"post-766","1":"product","2":"type-product","3":"status-publish","4":"has-post-thumbnail","6":"product_cat-e21","7":"product_shipping_class-sperrgut","9":"first","10":"instock","11":"taxable","12":"shipping-taxable","13":"purchasable","14":"product-type-simple"},"_links":{"self":[{"href":"https:\/\/roellin-racing-shop.ch\/index.php?rest_route=\/wp\/v2\/product\/766","targetHints":{"allow":["GET"]}}],"collection":[{"href":"https:\/\/roellin-racing-shop.ch\/index.php?rest_route=\/wp\/v2\/product"}],"about":[{"href":"https:\/\/roellin-racing-shop.ch\/index.php?rest_route=\/wp\/v2\/types\/product"}],"wp:featuredmedia":[{"embeddable":true,"href":"https:\/\/roellin-racing-shop.ch\/index.php?rest_route=\/wp\/v2\/media\/1857"}],"wp:attachment":[{"href":"https:\/\/roellin-racing-shop.ch\/index.php?rest_route=%2Fwp%2Fv2%2Fmedia&parent=766"}],"wp:term":[{"taxonomy":"product_brand","embeddable":true,"href":"https:\/\/roellin-racing-shop.ch\/index.php?rest_route=%2Fwp%2Fv2%2Fproduct_brand&post=766"},{"taxonomy":"product_cat","embeddable":true,"href":"https:\/\/roellin-racing-shop.ch\/index.php?rest_route=%2Fwp%2Fv2%2Fproduct_cat&post=766"},{"taxonomy":"product_tag","embeddable":true,"href":"https:\/\/roellin-racing-shop.ch\/index.php?rest_route=%2Fwp%2Fv2%2Fproduct_tag&post=766"}],"curies":[{"name":"wp","href":"https:\/\/api.w.org\/{rel}","templated":true}]}}