{"id":749,"date":"2019-07-01T13:32:04","date_gmt":"2019-07-01T12:32:04","guid":{"rendered":"https:\/\/roellin-racing-shop.ch\/?post_type=product&#038;p=749"},"modified":"2024-09-09T20:58:48","modified_gmt":"2024-09-09T18:58:48","slug":"e36-gfk-dach","status":"publish","type":"product","link":"https:\/\/roellin-racing-shop.ch\/?product=e36-gfk-dach","title":{"rendered":"E36 GFK Dach"},"content":{"rendered":"<p>BMW E36 Dach aus GFK, super leicht.<br \/>\nF\u00fcr ein Dach aus GFK wird ein \u00dcberrollk\u00e4fig bis vorne vorgeschrieben.<\/p>\n<p>Es wird neu und unlackiert geliefert. Anpassungen sind notwendig.<\/p>\n<p>Vom DTC gepr\u00fcftes Material. Mit CH Gutachten und somit im Strassenverkehr eintragbar.<\/p>\n<p>&nbsp;<\/p>\n<p>Wichtig, alle unsere Teile werden auf Anfrage gefertigt, dies kann deshalb ca. 5-6Wochen dauern.<\/p>\n","protected":false},"excerpt":{"rendered":"<p>BMW E36 Dach aus GFK, super leicht. F\u00fcr ein Dach aus GFK wird ein \u00dcberrollk\u00e4fig bis vorne vorgeschrieben. Es wird neu und unlackiert geliefert. Anpassungen sind notwendig. Vom DTC gepr\u00fcftes Material. Mit CH Gutachten und somit im Strassenverkehr eintragbar. &nbsp; Wichtig, alle unsere Teile werden auf Anfrage gefertigt, dies kann deshalb ca. 5-6Wochen dauern.<\/p>\n","protected":false},"featured_media":1866,"template":"","meta":[],"product_brand":[],"product_cat":[59],"product_tag":[],"class_list":{"0":"post-749","1":"product","2":"type-product","3":"status-publish","4":"has-post-thumbnail","6":"product_cat-e36coupe","7":"product_shipping_class-sperrgut","9":"first","10":"instock","11":"taxable","12":"shipping-taxable","13":"purchasable","14":"product-type-simple"},"_links":{"self":[{"href":"https:\/\/roellin-racing-shop.ch\/index.php?rest_route=\/wp\/v2\/product\/749","targetHints":{"allow":["GET"]}}],"collection":[{"href":"https:\/\/roellin-racing-shop.ch\/index.php?rest_route=\/wp\/v2\/product"}],"about":[{"href":"https:\/\/roellin-racing-shop.ch\/index.php?rest_route=\/wp\/v2\/types\/product"}],"wp:featuredmedia":[{"embeddable":true,"href":"https:\/\/roellin-racing-shop.ch\/index.php?rest_route=\/wp\/v2\/media\/1866"}],"wp:attachment":[{"href":"https:\/\/roellin-racing-shop.ch\/index.php?rest_route=%2Fwp%2Fv2%2Fmedia&parent=749"}],"wp:term":[{"taxonomy":"product_brand","embeddable":true,"href":"https:\/\/roellin-racing-shop.ch\/index.php?rest_route=%2Fwp%2Fv2%2Fproduct_brand&post=749"},{"taxonomy":"product_cat","embeddable":true,"href":"https:\/\/roellin-racing-shop.ch\/index.php?rest_route=%2Fwp%2Fv2%2Fproduct_cat&post=749"},{"taxonomy":"product_tag","embeddable":true,"href":"https:\/\/roellin-racing-shop.ch\/index.php?rest_route=%2Fwp%2Fv2%2Fproduct_tag&post=749"}],"curies":[{"name":"wp","href":"https:\/\/api.w.org\/{rel}","templated":true}]}}