{"id":694,"date":"2019-06-24T13:37:13","date_gmt":"2019-06-24T12:37:13","guid":{"rendered":"https:\/\/roellin-racing-shop.ch\/?post_type=product&#038;p=694"},"modified":"2024-09-10T17:07:31","modified_gmt":"2024-09-10T15:07:31","slug":"127-gfk-kofferraum","status":"publish","type":"product","link":"https:\/\/roellin-racing-shop.ch\/?product=127-gfk-kofferraum","title":{"rendered":"127 GFK Kofferraum"},"content":{"rendered":"<p>Fiat 127 GFK Kofferraum<\/p>\n<p>Wird neu und unlackiert geliefert. Anpassungen sind notwendig.<br \/>\nSchnellverschl\u00fcsse sind f\u00fcr den Verschluss empfohlen.<\/p>\n<p>Ohne Innenrahmen und Befestigungpunkte<\/p>\n<p>&nbsp;<\/p>\n<p>Vom DTC gepr\u00fcftes Material. Mit CH Gutachten und somit im Strassenverkehr eintragbar.<\/p>\n<p>&nbsp;<\/p>\n<p>Wichtig, wie bei all unseren Teilen werden die Teile auf Anfrage gefertigt, dies kann deshalb ca 5-6Wochen dauern.<\/p>\n","protected":false},"excerpt":{"rendered":"<p>Fiat 127 GFK Kofferraum Wird neu und unlackiert geliefert. Anpassungen sind notwendig. Schnellverschl\u00fcsse sind f\u00fcr den Verschluss empfohlen. Ohne Innenrahmen und Befestigungpunkte &nbsp; Vom DTC gepr\u00fcftes Material. Mit CH Gutachten und somit im Strassenverkehr eintragbar. &nbsp; Wichtig, wie bei all unseren Teilen werden die Teile auf Anfrage gefertigt, dies kann deshalb ca 5-6Wochen dauern.<\/p>\n","protected":false},"featured_media":1888,"template":"","meta":[],"product_brand":[],"product_cat":[97],"product_tag":[],"class_list":{"0":"post-694","1":"product","2":"type-product","3":"status-publish","4":"has-post-thumbnail","6":"product_cat-97","7":"product_shipping_class-sperrgut","9":"first","10":"instock","11":"taxable","12":"shipping-taxable","13":"purchasable","14":"product-type-simple"},"_links":{"self":[{"href":"https:\/\/roellin-racing-shop.ch\/index.php?rest_route=\/wp\/v2\/product\/694","targetHints":{"allow":["GET"]}}],"collection":[{"href":"https:\/\/roellin-racing-shop.ch\/index.php?rest_route=\/wp\/v2\/product"}],"about":[{"href":"https:\/\/roellin-racing-shop.ch\/index.php?rest_route=\/wp\/v2\/types\/product"}],"wp:featuredmedia":[{"embeddable":true,"href":"https:\/\/roellin-racing-shop.ch\/index.php?rest_route=\/wp\/v2\/media\/1888"}],"wp:attachment":[{"href":"https:\/\/roellin-racing-shop.ch\/index.php?rest_route=%2Fwp%2Fv2%2Fmedia&parent=694"}],"wp:term":[{"taxonomy":"product_brand","embeddable":true,"href":"https:\/\/roellin-racing-shop.ch\/index.php?rest_route=%2Fwp%2Fv2%2Fproduct_brand&post=694"},{"taxonomy":"product_cat","embeddable":true,"href":"https:\/\/roellin-racing-shop.ch\/index.php?rest_route=%2Fwp%2Fv2%2Fproduct_cat&post=694"},{"taxonomy":"product_tag","embeddable":true,"href":"https:\/\/roellin-racing-shop.ch\/index.php?rest_route=%2Fwp%2Fv2%2Fproduct_tag&post=694"}],"curies":[{"name":"wp","href":"https:\/\/api.w.org\/{rel}","templated":true}]}}