{"id":57,"date":"2018-04-20T08:27:55","date_gmt":"2018-04-20T08:27:55","guid":{"rendered":"https:\/\/roellin-racing-shop.ch\/?post_type=product&amp;p=57"},"modified":"2018-04-20T08:27:55","modified_gmt":"2018-04-20T08:27:55","slug":"carbon-tuer-aussenpanele-set","status":"publish","type":"product","link":"https:\/\/roellin-racing-shop.ch\/?product=carbon-tuer-aussenpanele-set","title":{"rendered":"GTV Carbon T\u00fcr Aussenpanele Set"},"content":{"rendered":"<p>Mit unseren Carbon Aussenpanelen kann die T\u00fcr des Alfa Romeo GTV bis auf 5Kg reduziert werden. (Originalgewicht einer kompletten T\u00fcr &gt;35kg)<br \/>\nF\u00fcr die auf den Bildern ersichtliche Erleichterung wird ein \u00dcberrollk\u00e4fig mit Flankenschutz empfohlen.<\/p>\n<p>Die Panele sind sowohl mit Lexan Scheiben als auch mit den originalen Fensterhebern verwendbar.<br \/>\nSie werden unlackiert geliefert. Kleine Anpassungen sind m\u00f6glicherweise notwendig.<\/p>\n<p>Vom DTC gepr\u00fcftes Material. Mit CH Gutachten und somit im Strassenverkehr eintragbar.<\/p>\n<p>&nbsp;<\/p>\n<p>Wichtig, wie bei all unseren Teilen werden die Teile auf Anfrage gefertigt, dies kann deshalb ca 5-6Wochen dauern.<\/p>\n","protected":false},"excerpt":{"rendered":"<p><a href=\"https:\/\/roellin-racing-shop.ch\/wp-content\/uploads\/2018\/04\/20180324_183601.jpg\"><img loading=\"lazy\" decoding=\"async\" class=\"alignnone size-medium wp-image-58\" src=\"https:\/\/roellin-racing-shop.ch\/wp-content\/uploads\/2018\/04\/20180324_183601-300x225.jpg\" alt=\"\" width=\"300\" height=\"225\" \/><\/a><a href=\"https:\/\/roellin-racing-shop.ch\/wp-content\/uploads\/2018\/04\/2018-04-20-10-17-19.jpg\"><img loading=\"lazy\" decoding=\"async\" class=\"alignnone size-medium wp-image-59\" src=\"https:\/\/roellin-racing-shop.ch\/wp-content\/uploads\/2018\/04\/2018-04-20-10-17-19-300x225.jpg\" alt=\"\" width=\"300\" height=\"225\" \/><\/a><\/p>\n","protected":false},"featured_media":58,"template":"","meta":[],"product_brand":[],"product_cat":[76],"product_tag":[],"class_list":{"0":"post-57","1":"product","2":"type-product","3":"status-publish","4":"has-post-thumbnail","6":"product_cat-gtv-916","8":"first","9":"instock","10":"taxable","11":"shipping-taxable","12":"purchasable","13":"product-type-simple"},"_links":{"self":[{"href":"https:\/\/roellin-racing-shop.ch\/index.php?rest_route=\/wp\/v2\/product\/57","targetHints":{"allow":["GET"]}}],"collection":[{"href":"https:\/\/roellin-racing-shop.ch\/index.php?rest_route=\/wp\/v2\/product"}],"about":[{"href":"https:\/\/roellin-racing-shop.ch\/index.php?rest_route=\/wp\/v2\/types\/product"}],"wp:featuredmedia":[{"embeddable":true,"href":"https:\/\/roellin-racing-shop.ch\/index.php?rest_route=\/wp\/v2\/media\/58"}],"wp:attachment":[{"href":"https:\/\/roellin-racing-shop.ch\/index.php?rest_route=%2Fwp%2Fv2%2Fmedia&parent=57"}],"wp:term":[{"taxonomy":"product_brand","embeddable":true,"href":"https:\/\/roellin-racing-shop.ch\/index.php?rest_route=%2Fwp%2Fv2%2Fproduct_brand&post=57"},{"taxonomy":"product_cat","embeddable":true,"href":"https:\/\/roellin-racing-shop.ch\/index.php?rest_route=%2Fwp%2Fv2%2Fproduct_cat&post=57"},{"taxonomy":"product_tag","embeddable":true,"href":"https:\/\/roellin-racing-shop.ch\/index.php?rest_route=%2Fwp%2Fv2%2Fproduct_tag&post=57"}],"curies":[{"name":"wp","href":"https:\/\/api.w.org\/{rel}","templated":true}]}}