{"id":424,"date":"2018-11-19T15:11:08","date_gmt":"2018-11-19T14:11:08","guid":{"rendered":"https:\/\/roellin-racing-shop.ch\/?post_type=product&#038;p=424"},"modified":"2024-09-10T17:37:04","modified_gmt":"2024-09-10T15:37:04","slug":"m4-tueren-carbon","status":"publish","type":"product","link":"https:\/\/roellin-racing-shop.ch\/?product=m4-tueren-carbon","title":{"rendered":"M4 T\u00fcren Carbon"},"content":{"rendered":"<p>BMW M4 T\u00fcren aus Carbon.<br \/>\nF\u00fcr die Montage muss zwingend ein \u00dcberrollk\u00e4fig mit doppeltem Flankenschutz verwendet werden.<\/p>\n<p>Set bestehend aus 2 T\u00fcren.<\/p>\n<p>Anpassungen sind notwendig. Muss lackiert werden.<br \/>\nEs m\u00fcssen Polycarbonat Scheiben verwendet werden.<\/p>\n<p>&nbsp;<\/p>\n<p>Vom DTC gepr\u00fcftes Material.<br \/>\nAchtung f\u00fcr die Eintragung muss zus\u00e4tzlich am entsprechenden Fahrzeug eine Seitenaufprallpr\u00fcfung (rund 600.- beim DTC) gemacht werden. Diese ist bei dem Artikel nicht mitinbegriffen und muss selbst durchgef\u00fchrt werden.<\/p>\n<p>&nbsp;<\/p>\n<p>Wichtig, all unsere Teile werden auf Anfrage gefertigt, dies kann deshalb ca. 5-6Wochen dauern.<\/p>\n","protected":false},"excerpt":{"rendered":"<p>BMW M4 T\u00fcren aus Carbon. F\u00fcr die Montage muss zwingend ein \u00dcberrollk\u00e4fig mit doppeltem Flankenschutz verwendet werden. Set bestehend aus 2 T\u00fcren. Anpassungen sind notwendig. Muss lackiert werden. Es m\u00fcssen Polycarbonat Scheiben verwendet werden. &nbsp; Vom DTC gepr\u00fcftes Material. Achtung f\u00fcr die Eintragung muss zus\u00e4tzlich am entsprechenden Fahrzeug eine Seitenaufprallpr\u00fcfung (rund 600.- beim DTC) gemacht [&hellip;]<\/p>\n","protected":false},"featured_media":1945,"template":"","meta":[],"product_brand":[],"product_cat":[81],"product_tag":[],"class_list":{"0":"post-424","1":"product","2":"type-product","3":"status-publish","4":"has-post-thumbnail","6":"product_cat-m4-f82","7":"product_shipping_class-sperrgut","9":"first","10":"instock","11":"taxable","12":"shipping-taxable","13":"purchasable","14":"product-type-simple"},"_links":{"self":[{"href":"https:\/\/roellin-racing-shop.ch\/index.php?rest_route=\/wp\/v2\/product\/424","targetHints":{"allow":["GET"]}}],"collection":[{"href":"https:\/\/roellin-racing-shop.ch\/index.php?rest_route=\/wp\/v2\/product"}],"about":[{"href":"https:\/\/roellin-racing-shop.ch\/index.php?rest_route=\/wp\/v2\/types\/product"}],"wp:featuredmedia":[{"embeddable":true,"href":"https:\/\/roellin-racing-shop.ch\/index.php?rest_route=\/wp\/v2\/media\/1945"}],"wp:attachment":[{"href":"https:\/\/roellin-racing-shop.ch\/index.php?rest_route=%2Fwp%2Fv2%2Fmedia&parent=424"}],"wp:term":[{"taxonomy":"product_brand","embeddable":true,"href":"https:\/\/roellin-racing-shop.ch\/index.php?rest_route=%2Fwp%2Fv2%2Fproduct_brand&post=424"},{"taxonomy":"product_cat","embeddable":true,"href":"https:\/\/roellin-racing-shop.ch\/index.php?rest_route=%2Fwp%2Fv2%2Fproduct_cat&post=424"},{"taxonomy":"product_tag","embeddable":true,"href":"https:\/\/roellin-racing-shop.ch\/index.php?rest_route=%2Fwp%2Fv2%2Fproduct_tag&post=424"}],"curies":[{"name":"wp","href":"https:\/\/api.w.org\/{rel}","templated":true}]}}