{"id":36,"date":"2018-03-09T12:10:22","date_gmt":"2018-03-09T12:10:22","guid":{"rendered":"https:\/\/roellin-racing-shop.ch\/?p=36"},"modified":"2024-09-04T08:21:46","modified_gmt":"2024-09-04T06:21:46","slug":"polo","status":"publish","type":"product","link":"https:\/\/roellin-racing-shop.ch\/?product=polo","title":{"rendered":"Poloshirt"},"content":{"rendered":"<p>Poloshirt mit R\u00f6llin Racing Logo<\/p>\n<p>&nbsp;<\/p>\n<p>Bitte die gew\u00fcnschte Gr\u00f6sse bei der Bestellung unter Anmerkungen angeben.<\/p>\n","protected":false},"excerpt":{"rendered":"<p>Poloshirt mit R\u00f6llin Racing Logo &nbsp; Bitte die gew\u00fcnschte Gr\u00f6sse bei der Bestellung unter Anmerkungen angeben.<\/p>\n","protected":false},"featured_media":19,"template":"","meta":[],"product_brand":[],"product_cat":[30],"product_tag":[],"class_list":{"0":"post-36","1":"product","2":"type-product","3":"status-publish","4":"has-post-thumbnail","6":"product_cat-tshirts","8":"first","9":"instock","10":"taxable","11":"shipping-taxable","12":"purchasable","13":"product-type-simple"},"_links":{"self":[{"href":"https:\/\/roellin-racing-shop.ch\/index.php?rest_route=\/wp\/v2\/product\/36","targetHints":{"allow":["GET"]}}],"collection":[{"href":"https:\/\/roellin-racing-shop.ch\/index.php?rest_route=\/wp\/v2\/product"}],"about":[{"href":"https:\/\/roellin-racing-shop.ch\/index.php?rest_route=\/wp\/v2\/types\/product"}],"wp:featuredmedia":[{"embeddable":true,"href":"https:\/\/roellin-racing-shop.ch\/index.php?rest_route=\/wp\/v2\/media\/19"}],"wp:attachment":[{"href":"https:\/\/roellin-racing-shop.ch\/index.php?rest_route=%2Fwp%2Fv2%2Fmedia&parent=36"}],"wp:term":[{"taxonomy":"product_brand","embeddable":true,"href":"https:\/\/roellin-racing-shop.ch\/index.php?rest_route=%2Fwp%2Fv2%2Fproduct_brand&post=36"},{"taxonomy":"product_cat","embeddable":true,"href":"https:\/\/roellin-racing-shop.ch\/index.php?rest_route=%2Fwp%2Fv2%2Fproduct_cat&post=36"},{"taxonomy":"product_tag","embeddable":true,"href":"https:\/\/roellin-racing-shop.ch\/index.php?rest_route=%2Fwp%2Fv2%2Fproduct_tag&post=36"}],"curies":[{"name":"wp","href":"https:\/\/api.w.org\/{rel}","templated":true}]}}