{"id":213,"date":"2018-06-04T15:59:03","date_gmt":"2018-06-04T15:59:03","guid":{"rendered":"https:\/\/roellin-racing-shop.ch\/?post_type=product&#038;p=213"},"modified":"2024-09-04T13:35:33","modified_gmt":"2024-09-04T11:35:33","slug":"e92-cfk-dach","status":"publish","type":"product","link":"https:\/\/roellin-racing-shop.ch\/?product=e92-cfk-dach","title":{"rendered":"E92 Carbon Dach"},"content":{"rendered":"<p>Mit unserem Carbon Dach kann der Schwerpunkt beim E92 nochmals stark gesenkt werden.<br \/>\nF\u00fcr die auf den Bildern ersichtliche Erleichterung wird ein \u00dcberrollk\u00e4fig empfohlen.<\/p>\n<p>Es wird unlackiert geliefert. Kleine Anpassungen sind m\u00f6glicherweise notwendig.<\/p>\n<p>Vom DTC gepr\u00fcftes Material. Mit CH Gutachten und somit im Strassenverkehr eintragbar.<\/p>\n<p>&nbsp;<\/p>\n<p>Wichtig, all unsere Teile werden auf Anfrage gefertigt, dies kann deshalb ca 5-6Wochen dauern.<\/p>\n","protected":false},"excerpt":{"rendered":"<p>Mit unserem Carbon Dach kann der Schwerpunkt beim E92 nochmals stark gesenkt werden. F\u00fcr die auf den Bildern ersichtliche Erleichterung wird ein \u00dcberrollk\u00e4fig empfohlen. Es wird unlackiert geliefert. Kleine Anpassungen sind m\u00f6glicherweise notwendig. Vom DTC gepr\u00fcftes Material. Mit CH Gutachten und somit im Strassenverkehr eintragbar. &nbsp; Wichtig, all unsere Teile werden auf Anfrage gefertigt, dies [&hellip;]<\/p>\n","protected":false},"featured_media":1760,"template":"","meta":[],"product_brand":[],"product_cat":[63],"product_tag":[],"class_list":{"0":"post-213","1":"product","2":"type-product","3":"status-publish","4":"has-post-thumbnail","6":"product_cat-e92-coupe","8":"first","9":"instock","10":"taxable","11":"shipping-taxable","12":"purchasable","13":"product-type-simple"},"_links":{"self":[{"href":"https:\/\/roellin-racing-shop.ch\/index.php?rest_route=\/wp\/v2\/product\/213","targetHints":{"allow":["GET"]}}],"collection":[{"href":"https:\/\/roellin-racing-shop.ch\/index.php?rest_route=\/wp\/v2\/product"}],"about":[{"href":"https:\/\/roellin-racing-shop.ch\/index.php?rest_route=\/wp\/v2\/types\/product"}],"wp:featuredmedia":[{"embeddable":true,"href":"https:\/\/roellin-racing-shop.ch\/index.php?rest_route=\/wp\/v2\/media\/1760"}],"wp:attachment":[{"href":"https:\/\/roellin-racing-shop.ch\/index.php?rest_route=%2Fwp%2Fv2%2Fmedia&parent=213"}],"wp:term":[{"taxonomy":"product_brand","embeddable":true,"href":"https:\/\/roellin-racing-shop.ch\/index.php?rest_route=%2Fwp%2Fv2%2Fproduct_brand&post=213"},{"taxonomy":"product_cat","embeddable":true,"href":"https:\/\/roellin-racing-shop.ch\/index.php?rest_route=%2Fwp%2Fv2%2Fproduct_cat&post=213"},{"taxonomy":"product_tag","embeddable":true,"href":"https:\/\/roellin-racing-shop.ch\/index.php?rest_route=%2Fwp%2Fv2%2Fproduct_tag&post=213"}],"curies":[{"name":"wp","href":"https:\/\/api.w.org\/{rel}","templated":true}]}}