{"id":1971,"date":"2024-09-13T14:03:19","date_gmt":"2024-09-13T12:03:19","guid":{"rendered":"https:\/\/roellin-racing-shop.ch\/?post_type=product&#038;p=1971"},"modified":"2024-09-13T17:17:30","modified_gmt":"2024-09-13T15:17:30","slug":"land-rover-defender-carbon-tueren-zeig-dein-interesse","status":"publish","type":"product","link":"https:\/\/roellin-racing-shop.ch\/?product=land-rover-defender-carbon-tueren-zeig-dein-interesse","title":{"rendered":"Land Rover Defender Carbon-T\u00fcren \u2013 Zeig dein Interesse!"},"content":{"rendered":"<p>Die originalen Land Rover Defender T\u00fcren bestehen aussen aus Aluminium, das leicht Dellen bekommt, und einem Stahl-Innenrahmen, der schnell rostet \u2013 eine Kombination, die f\u00fcr ein Offroad- oder Survival-Fahrzeug nicht ideal ist. Unsere L\u00f6sung? Carbon-T\u00fcren, die robust, langlebig und extrem leicht sind.<\/p>\n<p><strong>Unsere Carbon-T\u00fcren bieten:<\/strong><\/p>\n<ul>\n<li><strong>Robustheit und Langlebigkeit:<\/strong> Kein Rost und keine Dellen mehr \u2013 ideal f\u00fcr jedes Abenteuer.<\/li>\n<li><strong>Optionale Aramid-Schicht:<\/strong> Auf der Innenseite bieten wir eine zus\u00e4tzliche dicke Aramid-Schicht an, die je nach Bedarf kugelsicher ist (getestet wird, sobald die Serienproduktion startet).<\/li>\n<li><strong>Passgenauigkeit:<\/strong> Unsere T\u00fcren passen direkt an alle Land Rover Defender 110 Station Wagon Modelle von 1983 bis 2016.<\/li>\n<li><strong>Preis<\/strong>: F\u00fcr den Satz rund 10&#8217;000 wird g\u00fcnstiger je nach dem, wie gross wir die Serie machen k\u00f6nnen.<\/li>\n<li><strong>Inkl. CH-Gutachten !<\/strong><\/li>\n<\/ul>\n<p><strong>Werde Teil der Entwicklung!<\/strong><br \/>\nWir pr\u00fcfen derzeit die M\u00f6glichkeit, diese T\u00fcren in Serie zu produzieren. Bekunde jetzt dein Interesse und hilf uns, dieses Produkt zu realisieren. Wenn genug Nachfrage besteht, gehen wir in die Produktion! Nutze das Kontaktformular, um uns mitzuteilen, dass du dabei bist.<\/p>\n\n<div class=\"wpcf7 no-js\" id=\"wpcf7-f1708-o1\" lang=\"de-DE\" dir=\"ltr\" data-wpcf7-id=\"1708\">\n<div class=\"screen-reader-response\"><p role=\"status\" aria-live=\"polite\" aria-atomic=\"true\"><\/p> <ul><\/ul><\/div>\n<form action=\"\/index.php?rest_route=%2Fwp%2Fv2%2Fproduct%2F1971#wpcf7-f1708-o1\" method=\"post\" class=\"wpcf7-form init\" aria-label=\"Kontaktformular\" novalidate=\"novalidate\" data-status=\"init\">\n<fieldset class=\"hidden-fields-container\"><input type=\"hidden\" name=\"_wpcf7\" value=\"1708\" \/><input type=\"hidden\" name=\"_wpcf7_version\" value=\"6.1.5\" \/><input type=\"hidden\" name=\"_wpcf7_locale\" value=\"de_DE\" \/><input type=\"hidden\" name=\"_wpcf7_unit_tag\" value=\"wpcf7-f1708-o1\" \/><input type=\"hidden\" name=\"_wpcf7_container_post\" value=\"0\" \/><input type=\"hidden\" name=\"_wpcf7_posted_data_hash\" value=\"\" \/>\n<\/fieldset>\n<p><label> Dein Name<br \/>\n<span class=\"wpcf7-form-control-wrap\" data-name=\"your-name\"><input size=\"40\" maxlength=\"400\" class=\"wpcf7-form-control wpcf7-text wpcf7-validates-as-required\" autocomplete=\"name\" aria-required=\"true\" aria-invalid=\"false\" value=\"\" type=\"text\" name=\"your-name\" \/><\/span> <\/label>\n<\/p>\n<p><label> Deine E-Mail-Adresse<br \/>\n<span class=\"wpcf7-form-control-wrap\" data-name=\"your-email\"><input size=\"40\" maxlength=\"400\" class=\"wpcf7-form-control wpcf7-email wpcf7-validates-as-required wpcf7-text wpcf7-validates-as-email\" autocomplete=\"email\" aria-required=\"true\" aria-invalid=\"false\" value=\"\" type=\"email\" name=\"your-email\" \/><\/span> <\/label>\n<\/p>\n<p><label> Betreff<br \/>\n<span class=\"wpcf7-form-control-wrap\" data-name=\"your-subject\"><input size=\"40\" maxlength=\"400\" class=\"wpcf7-form-control wpcf7-text wpcf7-validates-as-required\" aria-required=\"true\" aria-invalid=\"false\" value=\"\" type=\"text\" name=\"your-subject\" \/><\/span> <\/label>\n<\/p>\n<p><label> Deine Nachricht (optional)<br \/>\n<span class=\"wpcf7-form-control-wrap\" data-name=\"your-message\"><textarea cols=\"40\" rows=\"10\" maxlength=\"2000\" class=\"wpcf7-form-control wpcf7-textarea\" aria-invalid=\"false\" name=\"your-message\"><\/textarea><\/span> <\/label>\n<\/p>\n<p><div id=\"cf7sr-69f32257e4e77\" class=\"cf7sr-g-recaptcha\" data-theme=\"light\" data-type=\"image\" data-size=\"normal\" data-sitekey=\"6Ld5LzYqAAAAAKEvDiUiKU7QZ4qlOfeoBCl50OIE\"><\/div><span class=\"wpcf7-form-control-wrap cf7sr-recaptcha\" data-name=\"cf7sr-recaptcha\"><input type=\"hidden\" name=\"cf7sr-recaptcha\" value=\"\" class=\"wpcf7-form-control\"><\/span>\n<\/p>\n<p><input class=\"wpcf7-form-control wpcf7-submit has-spinner\" type=\"submit\" value=\"Senden\" \/>\n<\/p><div class=\"wpcf7-response-output\" aria-hidden=\"true\"><\/div>\n<\/form>\n<\/div>\n\n","protected":false},"excerpt":{"rendered":"<p>Die originalen Land Rover Defender T\u00fcren bestehen aussen aus Aluminium, das leicht Dellen bekommt, und einem Stahl-Innenrahmen, der schnell rostet \u2013 eine Kombination, die f\u00fcr ein Offroad- oder Survival-Fahrzeug nicht ideal ist. Unsere L\u00f6sung? Carbon-T\u00fcren, die robust, langlebig und extrem leicht sind. Unsere Carbon-T\u00fcren bieten: Robustheit und Langlebigkeit: Kein Rost und keine Dellen mehr \u2013 [&hellip;]<\/p>\n","protected":false},"featured_media":1972,"template":"","meta":[],"product_brand":[],"product_cat":[111],"product_tag":[],"class_list":{"0":"post-1971","1":"product","2":"type-product","3":"status-publish","4":"has-post-thumbnail","6":"product_cat-defender","8":"first","9":"outofstock","10":"virtual","11":"taxable","12":"purchasable","13":"product-type-simple"},"_links":{"self":[{"href":"https:\/\/roellin-racing-shop.ch\/index.php?rest_route=\/wp\/v2\/product\/1971","targetHints":{"allow":["GET"]}}],"collection":[{"href":"https:\/\/roellin-racing-shop.ch\/index.php?rest_route=\/wp\/v2\/product"}],"about":[{"href":"https:\/\/roellin-racing-shop.ch\/index.php?rest_route=\/wp\/v2\/types\/product"}],"wp:featuredmedia":[{"embeddable":true,"href":"https:\/\/roellin-racing-shop.ch\/index.php?rest_route=\/wp\/v2\/media\/1972"}],"wp:attachment":[{"href":"https:\/\/roellin-racing-shop.ch\/index.php?rest_route=%2Fwp%2Fv2%2Fmedia&parent=1971"}],"wp:term":[{"taxonomy":"product_brand","embeddable":true,"href":"https:\/\/roellin-racing-shop.ch\/index.php?rest_route=%2Fwp%2Fv2%2Fproduct_brand&post=1971"},{"taxonomy":"product_cat","embeddable":true,"href":"https:\/\/roellin-racing-shop.ch\/index.php?rest_route=%2Fwp%2Fv2%2Fproduct_cat&post=1971"},{"taxonomy":"product_tag","embeddable":true,"href":"https:\/\/roellin-racing-shop.ch\/index.php?rest_route=%2Fwp%2Fv2%2Fproduct_tag&post=1971"}],"curies":[{"name":"wp","href":"https:\/\/api.w.org\/{rel}","templated":true}]}}