{"id":1421,"date":"2020-07-02T13:21:03","date_gmt":"2020-07-02T12:21:03","guid":{"rendered":"https:\/\/roellin-racing-shop.ch\/?post_type=product&#038;p=1421"},"modified":"2024-09-23T11:38:10","modified_gmt":"2024-09-23T09:38:10","slug":"996-gfk-tueren","status":"publish","type":"product","link":"https:\/\/roellin-racing-shop.ch\/?product=996-gfk-tueren","title":{"rendered":"996 GFK T\u00fcren"},"content":{"rendered":"<p>Porsche 996 T\u00fcren (inkl. Fensterrahmen) aus GFK. Set bestehend aus 2 St\u00fcck. (Passend an alle Varianten des 996 1998-2004)<br \/>\nF\u00fcr T\u00fcren aus GFK wird ein \u00dcberrollk\u00e4fig mit Flankenschutz vorgeschrieben.<\/p>\n<p>Sie werden neu und unlackiert geliefert. Mit Befestigungspunkten, Anpassungen sind notwendig.<\/p>\n<p>Vom DTC gepr\u00fcftes Material. Mit CH Gutachten und somit im Strassenverkehr eintragbar.<\/p>\n<p>&nbsp;<\/p>\n<p>Falls Makrolon Fenster dazu ben\u00f6tigt werden, bitte melden. ( Im Strassenverkehr eintragbar! )<\/p>\n<p>&nbsp;<\/p>\n<p>Wichtig, alle unsere Teile werden auf Anfrage gefertigt, dies kann deshalb ca. 5-6Wochen dauern.<\/p>\n","protected":false},"excerpt":{"rendered":"<p>Porsche 996 T\u00fcren (inkl. Fensterrahmen) aus GFK. Set bestehend aus 2 St\u00fcck. (Passend an alle Varianten des 996 1998-2004) F\u00fcr T\u00fcren aus GFK wird ein \u00dcberrollk\u00e4fig mit Flankenschutz vorgeschrieben. Sie werden neu und unlackiert geliefert. Mit Befestigungspunkten, Anpassungen sind notwendig. Vom DTC gepr\u00fcftes Material. Mit CH Gutachten und somit im Strassenverkehr eintragbar. &nbsp; Falls Makrolon [&hellip;]<\/p>\n","protected":false},"featured_media":2023,"template":"","meta":[],"product_brand":[],"product_cat":[109,45],"product_tag":[],"class_list":{"0":"post-1421","1":"product","2":"type-product","3":"status-publish","4":"has-post-thumbnail","6":"product_cat-986-boxster","7":"product_cat-45","8":"product_shipping_class-sperrgut","10":"first","11":"instock","12":"taxable","13":"shipping-taxable","14":"purchasable","15":"product-type-simple"},"_links":{"self":[{"href":"https:\/\/roellin-racing-shop.ch\/index.php?rest_route=\/wp\/v2\/product\/1421","targetHints":{"allow":["GET"]}}],"collection":[{"href":"https:\/\/roellin-racing-shop.ch\/index.php?rest_route=\/wp\/v2\/product"}],"about":[{"href":"https:\/\/roellin-racing-shop.ch\/index.php?rest_route=\/wp\/v2\/types\/product"}],"wp:featuredmedia":[{"embeddable":true,"href":"https:\/\/roellin-racing-shop.ch\/index.php?rest_route=\/wp\/v2\/media\/2023"}],"wp:attachment":[{"href":"https:\/\/roellin-racing-shop.ch\/index.php?rest_route=%2Fwp%2Fv2%2Fmedia&parent=1421"}],"wp:term":[{"taxonomy":"product_brand","embeddable":true,"href":"https:\/\/roellin-racing-shop.ch\/index.php?rest_route=%2Fwp%2Fv2%2Fproduct_brand&post=1421"},{"taxonomy":"product_cat","embeddable":true,"href":"https:\/\/roellin-racing-shop.ch\/index.php?rest_route=%2Fwp%2Fv2%2Fproduct_cat&post=1421"},{"taxonomy":"product_tag","embeddable":true,"href":"https:\/\/roellin-racing-shop.ch\/index.php?rest_route=%2Fwp%2Fv2%2Fproduct_tag&post=1421"}],"curies":[{"name":"wp","href":"https:\/\/api.w.org\/{rel}","templated":true}]}}