{"id":1399,"date":"2020-07-02T11:49:19","date_gmt":"2020-07-02T10:49:19","guid":{"rendered":"https:\/\/roellin-racing-shop.ch\/?post_type=product&#038;p=1399"},"modified":"2024-09-09T20:27:14","modified_gmt":"2024-09-09T18:27:14","slug":"1399","status":"publish","type":"product","link":"https:\/\/roellin-racing-shop.ch\/?product=1399","title":{"rendered":"911 2.8 RSR GFK Frontstosstange"},"content":{"rendered":"<p>Porsche 911 2.8 RSR Frontstosstange passend f\u00fcr grossen \u00d6lk\u00fchler aus GFK. F\u00fcr 911 F zwischen 1965 &#8211; 1973<\/p>\n<p>Wird neu und unlackiert geliefert. Anpassungen sind notwendig.<\/p>\n<p>&nbsp;<\/p>\n<p>Hinweis: Das Produktbild ist universell, f\u00fcr Detailbilder des Artikels melde dich bitte \u00fcber das Kontaktformular.<\/p>\n<p>&nbsp;<\/p>\n<p>Vom DTC gepr\u00fcftes Material. Mit CH Gutachten und somit im Strassenverkehr eintragbar.<\/p>\n<p>&nbsp;<\/p>\n<p>Wichtig, wie bei all unseren Teilen werden die Teile auf Anfrage gefertigt, dies kann deshalb ca 5-6Wochen dauern.<\/p>\n","protected":false},"excerpt":{"rendered":"<p>Porsche 911 2.8 RSR Frontstosstange passend f\u00fcr grossen \u00d6lk\u00fchler aus GFK. F\u00fcr 911 F zwischen 1965 &#8211; 1973 Wird neu und unlackiert geliefert. Anpassungen sind notwendig. &nbsp; Hinweis: Das Produktbild ist universell, f\u00fcr Detailbilder des Artikels melde dich bitte \u00fcber das Kontaktformular. &nbsp; Vom DTC gepr\u00fcftes Material. Mit CH Gutachten und somit im Strassenverkehr eintragbar. [&hellip;]<\/p>\n","protected":false},"featured_media":1821,"template":"","meta":[],"product_brand":[],"product_cat":[35],"product_tag":[],"class_list":{"0":"post-1399","1":"product","2":"type-product","3":"status-publish","4":"has-post-thumbnail","6":"product_cat-35","7":"product_shipping_class-sperrgut","9":"first","10":"instock","11":"taxable","12":"shipping-taxable","13":"purchasable","14":"product-type-simple"},"_links":{"self":[{"href":"https:\/\/roellin-racing-shop.ch\/index.php?rest_route=\/wp\/v2\/product\/1399","targetHints":{"allow":["GET"]}}],"collection":[{"href":"https:\/\/roellin-racing-shop.ch\/index.php?rest_route=\/wp\/v2\/product"}],"about":[{"href":"https:\/\/roellin-racing-shop.ch\/index.php?rest_route=\/wp\/v2\/types\/product"}],"wp:featuredmedia":[{"embeddable":true,"href":"https:\/\/roellin-racing-shop.ch\/index.php?rest_route=\/wp\/v2\/media\/1821"}],"wp:attachment":[{"href":"https:\/\/roellin-racing-shop.ch\/index.php?rest_route=%2Fwp%2Fv2%2Fmedia&parent=1399"}],"wp:term":[{"taxonomy":"product_brand","embeddable":true,"href":"https:\/\/roellin-racing-shop.ch\/index.php?rest_route=%2Fwp%2Fv2%2Fproduct_brand&post=1399"},{"taxonomy":"product_cat","embeddable":true,"href":"https:\/\/roellin-racing-shop.ch\/index.php?rest_route=%2Fwp%2Fv2%2Fproduct_cat&post=1399"},{"taxonomy":"product_tag","embeddable":true,"href":"https:\/\/roellin-racing-shop.ch\/index.php?rest_route=%2Fwp%2Fv2%2Fproduct_tag&post=1399"}],"curies":[{"name":"wp","href":"https:\/\/api.w.org\/{rel}","templated":true}]}}