{"id":1394,"date":"2020-07-02T11:35:02","date_gmt":"2020-07-02T10:35:02","guid":{"rendered":"https:\/\/roellin-racing-shop.ch\/?post_type=product&#038;p=1394"},"modified":"2024-09-09T20:25:18","modified_gmt":"2024-09-09T18:25:18","slug":"911-r-gfk-verbreiterungen-hinten","status":"publish","type":"product","link":"https:\/\/roellin-racing-shop.ch\/?product=911-r-gfk-verbreiterungen-hinten","title":{"rendered":"911 R GFK Verbreiterungen hinten"},"content":{"rendered":"<p>Porsche 911 R Verbreiterungen hinten aus GFK. 2-Teile. F\u00fcr 1965-1969<\/p>\n<p>&nbsp;<\/p>\n<p>Hinweis: Das Produktbild ist universell, f\u00fcr Detailbilder des Artikels melde dich bitte \u00fcber das Kontaktformular.<\/p>\n<p>Wird neu und unlakiert geliefert. Anpassungen sind notwendig.<\/p>\n<p>Vom DTC gepr\u00fcftes Material. Mit CH Gutachten und somit im Strassenverkehr eintragbar.<\/p>\n<p>&nbsp;<\/p>\n<p>Wichtig, alle unsere Teile werden auf Anfrage gefertigt, dies kann deshalb ca. 5-6Wochen dauern.<\/p>\n","protected":false},"excerpt":{"rendered":"<p>Porsche 911 R Verbreiterungen hinten aus GFK. 2-Teile. F\u00fcr 1965-1969 &nbsp; Hinweis: Das Produktbild ist universell, f\u00fcr Detailbilder des Artikels melde dich bitte \u00fcber das Kontaktformular. Wird neu und unlakiert geliefert. Anpassungen sind notwendig. Vom DTC gepr\u00fcftes Material. Mit CH Gutachten und somit im Strassenverkehr eintragbar. &nbsp; Wichtig, alle unsere Teile werden auf Anfrage gefertigt, [&hellip;]<\/p>\n","protected":false},"featured_media":1820,"template":"","meta":[],"product_brand":[],"product_cat":[35],"product_tag":[],"class_list":{"0":"post-1394","1":"product","2":"type-product","3":"status-publish","4":"has-post-thumbnail","6":"product_cat-35","7":"product_shipping_class-sperrgut","9":"first","10":"instock","11":"taxable","12":"shipping-taxable","13":"purchasable","14":"product-type-simple"},"_links":{"self":[{"href":"https:\/\/roellin-racing-shop.ch\/index.php?rest_route=\/wp\/v2\/product\/1394","targetHints":{"allow":["GET"]}}],"collection":[{"href":"https:\/\/roellin-racing-shop.ch\/index.php?rest_route=\/wp\/v2\/product"}],"about":[{"href":"https:\/\/roellin-racing-shop.ch\/index.php?rest_route=\/wp\/v2\/types\/product"}],"wp:featuredmedia":[{"embeddable":true,"href":"https:\/\/roellin-racing-shop.ch\/index.php?rest_route=\/wp\/v2\/media\/1820"}],"wp:attachment":[{"href":"https:\/\/roellin-racing-shop.ch\/index.php?rest_route=%2Fwp%2Fv2%2Fmedia&parent=1394"}],"wp:term":[{"taxonomy":"product_brand","embeddable":true,"href":"https:\/\/roellin-racing-shop.ch\/index.php?rest_route=%2Fwp%2Fv2%2Fproduct_brand&post=1394"},{"taxonomy":"product_cat","embeddable":true,"href":"https:\/\/roellin-racing-shop.ch\/index.php?rest_route=%2Fwp%2Fv2%2Fproduct_cat&post=1394"},{"taxonomy":"product_tag","embeddable":true,"href":"https:\/\/roellin-racing-shop.ch\/index.php?rest_route=%2Fwp%2Fv2%2Fproduct_tag&post=1394"}],"curies":[{"name":"wp","href":"https:\/\/api.w.org\/{rel}","templated":true}]}}