{"id":1388,"date":"2020-07-02T09:01:45","date_gmt":"2020-07-02T08:01:45","guid":{"rendered":"https:\/\/roellin-racing-shop.ch\/?post_type=product&#038;p=1388"},"modified":"2024-09-09T20:22:01","modified_gmt":"2024-09-09T18:22:01","slug":"911-gfk-tueren","status":"publish","type":"product","link":"https:\/\/roellin-racing-shop.ch\/?product=911-gfk-tueren","title":{"rendered":"911 GFK T\u00fcren"},"content":{"rendered":"<p>Porsche 911 T\u00fcren aus GFK, super leicht. Set bestehend aus 2 St\u00fcck.<br \/>\nF\u00fcr T\u00fcren aus GFK wird ein \u00dcberrollk\u00e4fig mit Flankenschutz empfohlen.<\/p>\n<p>Alu T\u00fcrscharniere sind optional auch verf\u00fcgbar.<\/p>\n<p>Sie werden neu und unlackiert geliefert. Mit Befestigungspunkten, Anpassungen sind notwendig.<\/p>\n<p>Vom DTC gepr\u00fcftes Material. Mit CH Gutachten und somit im Strassenverkehr eintragbar.<\/p>\n<p>&nbsp;<\/p>\n<p>Falls Makrolon Fenster dazu ben\u00f6tigt werden, bitte melden. ( Im Strassenverkehr eintragbar! )<\/p>\n<p>&nbsp;<\/p>\n<p>Wichtig, alle unsere Teile werden auf Anfrage gefertigt, dies kann deshalb ca. 5-6Wochen dauern.<\/p>\n","protected":false},"excerpt":{"rendered":"<p>Porsche 911 T\u00fcren aus GFK, super leicht. Set bestehend aus 2 St\u00fcck. F\u00fcr T\u00fcren aus GFK wird ein \u00dcberrollk\u00e4fig mit Flankenschutz empfohlen. Alu T\u00fcrscharniere sind optional auch verf\u00fcgbar. Sie werden neu und unlackiert geliefert. Mit Befestigungspunkten, Anpassungen sind notwendig. Vom DTC gepr\u00fcftes Material. Mit CH Gutachten und somit im Strassenverkehr eintragbar. &nbsp; Falls Makrolon Fenster [&hellip;]<\/p>\n","protected":false},"featured_media":1816,"template":"","meta":[],"product_brand":[],"product_cat":[35,39,42,44],"product_tag":[],"class_list":{"0":"post-1388","1":"product","2":"type-product","3":"status-publish","4":"has-post-thumbnail","6":"product_cat-35","7":"product_cat-39","8":"product_cat-964-965","9":"product_cat-44","10":"product_shipping_class-sperrgut","12":"first","13":"instock","14":"taxable","15":"shipping-taxable","16":"purchasable","17":"product-type-simple"},"_links":{"self":[{"href":"https:\/\/roellin-racing-shop.ch\/index.php?rest_route=\/wp\/v2\/product\/1388","targetHints":{"allow":["GET"]}}],"collection":[{"href":"https:\/\/roellin-racing-shop.ch\/index.php?rest_route=\/wp\/v2\/product"}],"about":[{"href":"https:\/\/roellin-racing-shop.ch\/index.php?rest_route=\/wp\/v2\/types\/product"}],"wp:featuredmedia":[{"embeddable":true,"href":"https:\/\/roellin-racing-shop.ch\/index.php?rest_route=\/wp\/v2\/media\/1816"}],"wp:attachment":[{"href":"https:\/\/roellin-racing-shop.ch\/index.php?rest_route=%2Fwp%2Fv2%2Fmedia&parent=1388"}],"wp:term":[{"taxonomy":"product_brand","embeddable":true,"href":"https:\/\/roellin-racing-shop.ch\/index.php?rest_route=%2Fwp%2Fv2%2Fproduct_brand&post=1388"},{"taxonomy":"product_cat","embeddable":true,"href":"https:\/\/roellin-racing-shop.ch\/index.php?rest_route=%2Fwp%2Fv2%2Fproduct_cat&post=1388"},{"taxonomy":"product_tag","embeddable":true,"href":"https:\/\/roellin-racing-shop.ch\/index.php?rest_route=%2Fwp%2Fv2%2Fproduct_tag&post=1388"}],"curies":[{"name":"wp","href":"https:\/\/api.w.org\/{rel}","templated":true}]}}