{"id":1386,"date":"2020-07-02T08:53:27","date_gmt":"2020-07-02T07:53:27","guid":{"rendered":"https:\/\/roellin-racing-shop.ch\/?post_type=product&#038;p=1386"},"modified":"2024-09-09T20:17:32","modified_gmt":"2024-09-09T18:17:32","slug":"gfk-dach-mehrere-modelle","status":"publish","type":"product","link":"https:\/\/roellin-racing-shop.ch\/?product=gfk-dach-mehrere-modelle","title":{"rendered":"911 GFK Dach mehrere Modelle"},"content":{"rendered":"<p>Porsche 911 \/ 912\u00a0 \/ 964\u00a0 \/ 993 Dach aus GFK. Passend auf Jg zwischen 1965 und 1998<\/p>\n<p>Hinweis: Das Produktbild ist universell, f\u00fcr Detailbilder des Artikels melde dich bitte \u00fcber das Kontaktformular.<\/p>\n<p>Es wird neu und unlackiert geliefert. Professioneller Einbau notwendig.<\/p>\n<p>Vom DTC gepr\u00fcftes Material. Mit CH Gutachten und somit im Strassenverkehr eintragbar.<\/p>\n<p>&nbsp;<\/p>\n<p>Wichtig, alle unsere Teile werden auf Anfrage gefertigt, dies kann deshalb ca. 5-6Wochen dauern.<\/p>\n","protected":false},"excerpt":{"rendered":"<p>Porsche 911 \/ 912\u00a0 \/ 964\u00a0 \/ 993 Dach aus GFK. Passend auf Jg zwischen 1965 und 1998 Hinweis: Das Produktbild ist universell, f\u00fcr Detailbilder des Artikels melde dich bitte \u00fcber das Kontaktformular. Es wird neu und unlackiert geliefert. Professioneller Einbau notwendig. Vom DTC gepr\u00fcftes Material. Mit CH Gutachten und somit im Strassenverkehr eintragbar. &nbsp; [&hellip;]<\/p>\n","protected":false},"featured_media":1814,"template":"","meta":[],"product_brand":[],"product_cat":[35,36,39,42,44],"product_tag":[],"class_list":{"0":"post-1386","1":"product","2":"type-product","3":"status-publish","4":"has-post-thumbnail","6":"product_cat-35","7":"product_cat-36","8":"product_cat-39","9":"product_cat-964-965","10":"product_cat-44","11":"product_shipping_class-sperrgut","13":"first","14":"instock","15":"taxable","16":"shipping-taxable","17":"purchasable","18":"product-type-simple"},"_links":{"self":[{"href":"https:\/\/roellin-racing-shop.ch\/index.php?rest_route=\/wp\/v2\/product\/1386","targetHints":{"allow":["GET"]}}],"collection":[{"href":"https:\/\/roellin-racing-shop.ch\/index.php?rest_route=\/wp\/v2\/product"}],"about":[{"href":"https:\/\/roellin-racing-shop.ch\/index.php?rest_route=\/wp\/v2\/types\/product"}],"wp:featuredmedia":[{"embeddable":true,"href":"https:\/\/roellin-racing-shop.ch\/index.php?rest_route=\/wp\/v2\/media\/1814"}],"wp:attachment":[{"href":"https:\/\/roellin-racing-shop.ch\/index.php?rest_route=%2Fwp%2Fv2%2Fmedia&parent=1386"}],"wp:term":[{"taxonomy":"product_brand","embeddable":true,"href":"https:\/\/roellin-racing-shop.ch\/index.php?rest_route=%2Fwp%2Fv2%2Fproduct_brand&post=1386"},{"taxonomy":"product_cat","embeddable":true,"href":"https:\/\/roellin-racing-shop.ch\/index.php?rest_route=%2Fwp%2Fv2%2Fproduct_cat&post=1386"},{"taxonomy":"product_tag","embeddable":true,"href":"https:\/\/roellin-racing-shop.ch\/index.php?rest_route=%2Fwp%2Fv2%2Fproduct_tag&post=1386"}],"curies":[{"name":"wp","href":"https:\/\/api.w.org\/{rel}","templated":true}]}}