{"id":1360,"date":"2020-06-25T10:13:44","date_gmt":"2020-06-25T09:13:44","guid":{"rendered":"https:\/\/roellin-racing-shop.ch\/?post_type=product&#038;p=1360"},"modified":"2024-09-23T10:03:39","modified_gmt":"2024-09-23T08:03:39","slug":"924-gfk-breitbaukit-gtr-le-mans","status":"publish","type":"product","link":"https:\/\/roellin-racing-shop.ch\/?product=924-gfk-breitbaukit-gtr-le-mans","title":{"rendered":"924 GFK Breitbaukit GTR Le Mans"},"content":{"rendered":"<p>Porsche 924 GTR Le Mans Breitbaukit aus GFK. 8-Teilig<\/p>\n<p>(Frontspoilereinsatz, Heckstossstange, Seitenschweller, Kotfl\u00fcgel vorne, Seitenw\u00e4nde Hinten)<\/p>\n<p>Wird neu und unlackiert geliefert. Anpassungen sind notwendig.<\/p>\n<p>Vom DTC gepr\u00fcftes Material. Mit CH Gutachten und somit im Strassenverkehr eintragbar.<\/p>\n<p>&nbsp;<\/p>\n<p>Wichtig, alle unsere Teile werden auf Anfrage gefertigt, dies kann deshalb ca. 5-6Wochen dauern.<\/p>\n","protected":false},"excerpt":{"rendered":"<p>Porsche 924 GTR Le Mans Breitbaukit aus GFK. 8-Teilig (Frontspoilereinsatz, Heckstossstange, Seitenschweller, Kotfl\u00fcgel vorne, Seitenw\u00e4nde Hinten) Wird neu und unlackiert geliefert. Anpassungen sind notwendig. Vom DTC gepr\u00fcftes Material. Mit CH Gutachten und somit im Strassenverkehr eintragbar. &nbsp; Wichtig, alle unsere Teile werden auf Anfrage gefertigt, dies kann deshalb ca. 5-6Wochen dauern.<\/p>\n","protected":false},"featured_media":1994,"template":"","meta":[],"product_brand":[],"product_cat":[38],"product_tag":[],"class_list":{"0":"post-1360","1":"product","2":"type-product","3":"status-publish","4":"has-post-thumbnail","6":"product_cat-38","7":"product_shipping_class-sperrgut","9":"first","10":"instock","11":"taxable","12":"shipping-taxable","13":"purchasable","14":"product-type-simple"},"_links":{"self":[{"href":"https:\/\/roellin-racing-shop.ch\/index.php?rest_route=\/wp\/v2\/product\/1360","targetHints":{"allow":["GET"]}}],"collection":[{"href":"https:\/\/roellin-racing-shop.ch\/index.php?rest_route=\/wp\/v2\/product"}],"about":[{"href":"https:\/\/roellin-racing-shop.ch\/index.php?rest_route=\/wp\/v2\/types\/product"}],"wp:featuredmedia":[{"embeddable":true,"href":"https:\/\/roellin-racing-shop.ch\/index.php?rest_route=\/wp\/v2\/media\/1994"}],"wp:attachment":[{"href":"https:\/\/roellin-racing-shop.ch\/index.php?rest_route=%2Fwp%2Fv2%2Fmedia&parent=1360"}],"wp:term":[{"taxonomy":"product_brand","embeddable":true,"href":"https:\/\/roellin-racing-shop.ch\/index.php?rest_route=%2Fwp%2Fv2%2Fproduct_brand&post=1360"},{"taxonomy":"product_cat","embeddable":true,"href":"https:\/\/roellin-racing-shop.ch\/index.php?rest_route=%2Fwp%2Fv2%2Fproduct_cat&post=1360"},{"taxonomy":"product_tag","embeddable":true,"href":"https:\/\/roellin-racing-shop.ch\/index.php?rest_route=%2Fwp%2Fv2%2Fproduct_tag&post=1360"}],"curies":[{"name":"wp","href":"https:\/\/api.w.org\/{rel}","templated":true}]}}