{"id":136,"date":"2018-05-07T11:22:11","date_gmt":"2018-05-07T11:22:11","guid":{"rendered":"https:\/\/roellin-racing-shop.ch\/?post_type=product&#038;p=136"},"modified":"2024-09-04T12:36:45","modified_gmt":"2024-09-04T10:36:45","slug":"alfa-romeo-bertone-gt-gtv-gta-gtam-tueren-set-carbon","status":"publish","type":"product","link":"https:\/\/roellin-racing-shop.ch\/?product=alfa-romeo-bertone-gt-gtv-gta-gtam-tueren-set-carbon","title":{"rendered":"Bertone GT \/ GTV \/ GTA \/ GTAM T\u00fcren Set Carbon"},"content":{"rendered":"<p>Mit diesen Carbon T\u00fcren kann die T\u00fcr eures Alfas bis auf 3300 Gramm reduziert werden.\u00a0Gewicht des Originalteils: 9 kg<br \/>\nF\u00fcr T\u00fcren aus Carbon wird immer ein \u00dcberrollk\u00e4fig mit Flankenschutz empfohlen.<\/p>\n<p>Dieses Angebot beinhaltet ein Set bestehend aus 2 T\u00fcren.<\/p>\n<p>Die T\u00fcren sind sowohl mit Lexan Scheiben als auch mit den originalen Fensterhebern verwendbar.<br \/>\nSie werden in Sichtkarbon geliefert. Kleine Anpassungen sind m\u00f6glicherweise notwendig.<br \/>\nBitte pr\u00fcft anhand der Bilder vorher selbst ob sie auf euer Fahrzeug passen.<\/p>\n<p>Vom DTC gepr\u00fcftes Material. Mit CH Gutachten und somit im Strassenverkehr eintragbar.<\/p>\n<p>&nbsp;<\/p>\n<p>Wichtig, wie bei all unseren Teilen werden die Teile auf Anfrage gefertigt, dies kann deshalb ca 5-6Wochen dauern.<\/p>\n","protected":false},"excerpt":{"rendered":"<p><a href=\"https:\/\/roellin-racing-shop.ch\/wp-content\/uploads\/2018\/05\/0-11.jpg\"><img loading=\"lazy\" decoding=\"async\" class=\"alignnone size-medium wp-image-137\" src=\"https:\/\/roellin-racing-shop.ch\/wp-content\/uploads\/2018\/05\/0-11-300x225.jpg\" alt=\"\" width=\"300\" height=\"225\" \/><\/a> <a href=\"https:\/\/roellin-racing-shop.ch\/wp-content\/uploads\/2018\/05\/0-10.jpg\"><img loading=\"lazy\" decoding=\"async\" class=\"alignnone size-medium wp-image-138\" src=\"https:\/\/roellin-racing-shop.ch\/wp-content\/uploads\/2018\/05\/0-10-300x225.jpg\" alt=\"\" width=\"300\" height=\"225\" \/><\/a> <a href=\"https:\/\/roellin-racing-shop.ch\/wp-content\/uploads\/2018\/05\/0-9.jpg\"><img loading=\"lazy\" decoding=\"async\" class=\"alignnone size-medium wp-image-139\" src=\"https:\/\/roellin-racing-shop.ch\/wp-content\/uploads\/2018\/05\/0-9-300x225.jpg\" alt=\"\" width=\"300\" height=\"225\" \/><\/a> <a href=\"https:\/\/roellin-racing-shop.ch\/wp-content\/uploads\/2018\/05\/0-8.jpg\"><img loading=\"lazy\" decoding=\"async\" class=\"alignnone size-medium wp-image-140\" src=\"https:\/\/roellin-racing-shop.ch\/wp-content\/uploads\/2018\/05\/0-8-300x225.jpg\" alt=\"\" width=\"300\" height=\"225\" \/><\/a><\/p>\n","protected":false},"featured_media":1743,"template":"","meta":[],"product_brand":[],"product_cat":[51],"product_tag":[],"class_list":{"0":"post-136","1":"product","2":"type-product","3":"status-publish","4":"has-post-thumbnail","6":"product_cat-bertone-gt-gtv-gta-gtam","8":"first","9":"instock","10":"taxable","11":"shipping-taxable","12":"purchasable","13":"product-type-simple"},"_links":{"self":[{"href":"https:\/\/roellin-racing-shop.ch\/index.php?rest_route=\/wp\/v2\/product\/136","targetHints":{"allow":["GET"]}}],"collection":[{"href":"https:\/\/roellin-racing-shop.ch\/index.php?rest_route=\/wp\/v2\/product"}],"about":[{"href":"https:\/\/roellin-racing-shop.ch\/index.php?rest_route=\/wp\/v2\/types\/product"}],"wp:featuredmedia":[{"embeddable":true,"href":"https:\/\/roellin-racing-shop.ch\/index.php?rest_route=\/wp\/v2\/media\/1743"}],"wp:attachment":[{"href":"https:\/\/roellin-racing-shop.ch\/index.php?rest_route=%2Fwp%2Fv2%2Fmedia&parent=136"}],"wp:term":[{"taxonomy":"product_brand","embeddable":true,"href":"https:\/\/roellin-racing-shop.ch\/index.php?rest_route=%2Fwp%2Fv2%2Fproduct_brand&post=136"},{"taxonomy":"product_cat","embeddable":true,"href":"https:\/\/roellin-racing-shop.ch\/index.php?rest_route=%2Fwp%2Fv2%2Fproduct_cat&post=136"},{"taxonomy":"product_tag","embeddable":true,"href":"https:\/\/roellin-racing-shop.ch\/index.php?rest_route=%2Fwp%2Fv2%2Fproduct_tag&post=136"}],"curies":[{"name":"wp","href":"https:\/\/api.w.org\/{rel}","templated":true}]}}