{"id":1359,"date":"2020-06-25T10:03:36","date_gmt":"2020-06-25T09:03:36","guid":{"rendered":"https:\/\/roellin-racing-shop.ch\/?post_type=product&#038;p=1359"},"modified":"2024-09-18T16:28:49","modified_gmt":"2024-09-18T14:28:49","slug":"914-gfk-breitbaukit-sehr-breit","status":"publish","type":"product","link":"https:\/\/roellin-racing-shop.ch\/?product=914-gfk-breitbaukit-sehr-breit","title":{"rendered":"914 GFK Breitbaukit (sehr breit)"},"content":{"rendered":"<p>Porsche 914 Breitbaukit aus GFK. 8-Teilig<\/p>\n<p>(Stossstange vorne &amp; hinten, Seitenschweller und 4 Radhausverbreiterungen)<\/p>\n<p>Hinweis: F\u00fcr Detailbilder des Artikels melde dich bitte \u00fcber das Kontaktformular.<\/p>\n<p>Wird neu und unlackiert geliefert. Anpassungen sind notwendig.<\/p>\n<p>Vom DTC gepr\u00fcftes Material. Mit CH Gutachten und somit im Strassenverkehr eintragbar.<\/p>\n<p>&nbsp;<\/p>\n<p>Wichtig, alle unsere Teile werden auf Anfrage gefertigt, dies kann deshalb ca. 5-6Wochen dauern.<\/p>\n","protected":false},"excerpt":{"rendered":"<p>Porsche 914 Breitbaukit aus GFK. 8-Teilig (Stossstange vorne &amp; hinten, Seitenschweller und 4 Radhausverbreiterungen) Hinweis: F\u00fcr Detailbilder des Artikels melde dich bitte \u00fcber das Kontaktformular. Wird neu und unlackiert geliefert. Anpassungen sind notwendig. Vom DTC gepr\u00fcftes Material. Mit CH Gutachten und somit im Strassenverkehr eintragbar. &nbsp; Wichtig, alle unsere Teile werden auf Anfrage gefertigt, dies [&hellip;]<\/p>\n","protected":false},"featured_media":1974,"template":"","meta":[],"product_brand":[],"product_cat":[37],"product_tag":[],"class_list":{"0":"post-1359","1":"product","2":"type-product","3":"status-publish","4":"has-post-thumbnail","6":"product_cat-37","7":"product_shipping_class-sperrgut","9":"first","10":"instock","11":"taxable","12":"shipping-taxable","13":"purchasable","14":"product-type-simple"},"_links":{"self":[{"href":"https:\/\/roellin-racing-shop.ch\/index.php?rest_route=\/wp\/v2\/product\/1359","targetHints":{"allow":["GET"]}}],"collection":[{"href":"https:\/\/roellin-racing-shop.ch\/index.php?rest_route=\/wp\/v2\/product"}],"about":[{"href":"https:\/\/roellin-racing-shop.ch\/index.php?rest_route=\/wp\/v2\/types\/product"}],"wp:featuredmedia":[{"embeddable":true,"href":"https:\/\/roellin-racing-shop.ch\/index.php?rest_route=\/wp\/v2\/media\/1974"}],"wp:attachment":[{"href":"https:\/\/roellin-racing-shop.ch\/index.php?rest_route=%2Fwp%2Fv2%2Fmedia&parent=1359"}],"wp:term":[{"taxonomy":"product_brand","embeddable":true,"href":"https:\/\/roellin-racing-shop.ch\/index.php?rest_route=%2Fwp%2Fv2%2Fproduct_brand&post=1359"},{"taxonomy":"product_cat","embeddable":true,"href":"https:\/\/roellin-racing-shop.ch\/index.php?rest_route=%2Fwp%2Fv2%2Fproduct_cat&post=1359"},{"taxonomy":"product_tag","embeddable":true,"href":"https:\/\/roellin-racing-shop.ch\/index.php?rest_route=%2Fwp%2Fv2%2Fproduct_tag&post=1359"}],"curies":[{"name":"wp","href":"https:\/\/api.w.org\/{rel}","templated":true}]}}