{"id":1356,"date":"2020-06-25T09:51:38","date_gmt":"2020-06-25T08:51:38","guid":{"rendered":"https:\/\/roellin-racing-shop.ch\/?post_type=product&#038;p=1356"},"modified":"2024-09-09T20:39:15","modified_gmt":"2024-09-09T18:39:15","slug":"914-gt-style-frontunterbau-gfk","status":"publish","type":"product","link":"https:\/\/roellin-racing-shop.ch\/?product=914-gt-style-frontunterbau-gfk","title":{"rendered":"914 GT Style Frontunterbau GFK"},"content":{"rendered":"<p>Porsche 914 Unterbau vorne mit GT Stil \u00d6lk\u00fchlerausschnitt aus GFK.<\/p>\n<p>Hinweis: Das Produktbild ist universell, f\u00fcr Detailbilder des Artikels melde dich bitte \u00fcber das Kontaktformular.<\/p>\n<p>Er wird neu und unlackiert geliefert. Anpassungen sind m\u00f6glicherweise notwendig.<\/p>\n<p>Vom DTC gepr\u00fcftes Material. Mit CH Gutachten und somit im Strassenverkehr eintragbar.<\/p>\n<p>&nbsp;<\/p>\n<p>Wichtig, alle unsere Teile werden auf Anfrage gefertigt, dies kann deshalb ca. 5-6Wochen dauern.<\/p>\n","protected":false},"excerpt":{"rendered":"<p>Porsche 914 Unterbau vorne mit GT Stil \u00d6lk\u00fchlerausschnitt aus GFK. Hinweis: Das Produktbild ist universell, f\u00fcr Detailbilder des Artikels melde dich bitte \u00fcber das Kontaktformular. Er wird neu und unlackiert geliefert. Anpassungen sind m\u00f6glicherweise notwendig. Vom DTC gepr\u00fcftes Material. Mit CH Gutachten und somit im Strassenverkehr eintragbar. &nbsp; Wichtig, alle unsere Teile werden auf Anfrage [&hellip;]<\/p>\n","protected":false},"featured_media":1825,"template":"","meta":[],"product_brand":[],"product_cat":[37],"product_tag":[],"class_list":{"0":"post-1356","1":"product","2":"type-product","3":"status-publish","4":"has-post-thumbnail","6":"product_cat-37","7":"product_shipping_class-sperrgut","9":"first","10":"instock","11":"taxable","12":"shipping-taxable","13":"purchasable","14":"product-type-simple"},"_links":{"self":[{"href":"https:\/\/roellin-racing-shop.ch\/index.php?rest_route=\/wp\/v2\/product\/1356","targetHints":{"allow":["GET"]}}],"collection":[{"href":"https:\/\/roellin-racing-shop.ch\/index.php?rest_route=\/wp\/v2\/product"}],"about":[{"href":"https:\/\/roellin-racing-shop.ch\/index.php?rest_route=\/wp\/v2\/types\/product"}],"wp:featuredmedia":[{"embeddable":true,"href":"https:\/\/roellin-racing-shop.ch\/index.php?rest_route=\/wp\/v2\/media\/1825"}],"wp:attachment":[{"href":"https:\/\/roellin-racing-shop.ch\/index.php?rest_route=%2Fwp%2Fv2%2Fmedia&parent=1356"}],"wp:term":[{"taxonomy":"product_brand","embeddable":true,"href":"https:\/\/roellin-racing-shop.ch\/index.php?rest_route=%2Fwp%2Fv2%2Fproduct_brand&post=1356"},{"taxonomy":"product_cat","embeddable":true,"href":"https:\/\/roellin-racing-shop.ch\/index.php?rest_route=%2Fwp%2Fv2%2Fproduct_cat&post=1356"},{"taxonomy":"product_tag","embeddable":true,"href":"https:\/\/roellin-racing-shop.ch\/index.php?rest_route=%2Fwp%2Fv2%2Fproduct_tag&post=1356"}],"curies":[{"name":"wp","href":"https:\/\/api.w.org\/{rel}","templated":true}]}}