{"id":1347,"date":"2020-06-25T09:30:28","date_gmt":"2020-06-25T08:30:28","guid":{"rendered":"https:\/\/roellin-racing-shop.ch\/?post_type=product&#038;p=1347"},"modified":"2024-09-18T16:31:04","modified_gmt":"2024-09-18T14:31:04","slug":"914-gfk-lippe-mit-flaps","status":"publish","type":"product","link":"https:\/\/roellin-racing-shop.ch\/?product=914-gfk-lippe-mit-flaps","title":{"rendered":"914 GFK Lippe mit Flaps"},"content":{"rendered":"<p>Porsche 914 Lippe vorne aus GFK.<\/p>\n<p>Passt auf alle Serienbreiten 914.<\/p>\n<p>Hinweis: f\u00fcr Detailbilder des Artikels melde dich bitte \u00fcber das Kontaktformular.<\/p>\n<p>Sie wird neu und unlakiert geliefert. Anpassungen sind m\u00f6glicherweise notwendig.<\/p>\n<p>Vom DTC gepr\u00fcftes Material. Mit CH Gutachten und somit im Strassenverkehr eintragbar.<\/p>\n<p>&nbsp;<\/p>\n<p>Wichtig, alle unsere Teile werden auf Anfrage gefertigt, dies kann deshalb ca. 5-6Wochen dauern.<\/p>\n","protected":false},"excerpt":{"rendered":"<p>Porsche 914 Lippe vorne aus GFK. Passt auf alle Serienbreiten 914. Hinweis: f\u00fcr Detailbilder des Artikels melde dich bitte \u00fcber das Kontaktformular. Sie wird neu und unlakiert geliefert. Anpassungen sind m\u00f6glicherweise notwendig. Vom DTC gepr\u00fcftes Material. Mit CH Gutachten und somit im Strassenverkehr eintragbar. &nbsp; Wichtig, alle unsere Teile werden auf Anfrage gefertigt, dies kann [&hellip;]<\/p>\n","protected":false},"featured_media":1975,"template":"","meta":[],"product_brand":[],"product_cat":[37],"product_tag":[],"class_list":{"0":"post-1347","1":"product","2":"type-product","3":"status-publish","4":"has-post-thumbnail","6":"product_cat-37","7":"product_shipping_class-sperrgut","9":"first","10":"instock","11":"taxable","12":"shipping-taxable","13":"purchasable","14":"product-type-simple"},"_links":{"self":[{"href":"https:\/\/roellin-racing-shop.ch\/index.php?rest_route=\/wp\/v2\/product\/1347","targetHints":{"allow":["GET"]}}],"collection":[{"href":"https:\/\/roellin-racing-shop.ch\/index.php?rest_route=\/wp\/v2\/product"}],"about":[{"href":"https:\/\/roellin-racing-shop.ch\/index.php?rest_route=\/wp\/v2\/types\/product"}],"wp:featuredmedia":[{"embeddable":true,"href":"https:\/\/roellin-racing-shop.ch\/index.php?rest_route=\/wp\/v2\/media\/1975"}],"wp:attachment":[{"href":"https:\/\/roellin-racing-shop.ch\/index.php?rest_route=%2Fwp%2Fv2%2Fmedia&parent=1347"}],"wp:term":[{"taxonomy":"product_brand","embeddable":true,"href":"https:\/\/roellin-racing-shop.ch\/index.php?rest_route=%2Fwp%2Fv2%2Fproduct_brand&post=1347"},{"taxonomy":"product_cat","embeddable":true,"href":"https:\/\/roellin-racing-shop.ch\/index.php?rest_route=%2Fwp%2Fv2%2Fproduct_cat&post=1347"},{"taxonomy":"product_tag","embeddable":true,"href":"https:\/\/roellin-racing-shop.ch\/index.php?rest_route=%2Fwp%2Fv2%2Fproduct_tag&post=1347"}],"curies":[{"name":"wp","href":"https:\/\/api.w.org\/{rel}","templated":true}]}}